{"id":1398,"date":"2024-02-06T12:19:01","date_gmt":"2024-02-06T17:19:01","guid":{"rendered":"https:\/\/latam.tiendaluzy.biz\/?post_type=product&#038;p=1398"},"modified":"2024-02-06T12:24:13","modified_gmt":"2024-02-06T17:24:13","slug":"exclusivo-vestido-negro-3","status":"publish","type":"product","link":"https:\/\/latam.tiendaluzy.biz\/index.php\/product\/exclusivo-vestido-negro-3\/","title":{"rendered":"Exclusivo Vestido Negro"},"content":{"rendered":"<p>Impresionante vestido negro con volantes, ce\u00f1ido al cuerpo, ajustado y elegante, sin hombros. Dise\u00f1ado en alta costura para fiesta, celebridades y eventos especiales. Fabricado \u00edntegramente de Polyester y Spandex.<\/p>\n","protected":false},"excerpt":{"rendered":"<p>Impresionante vestido negro con volantes, ce\u00f1ido al cuerpo, ajustado y elegante, sin hombros. Dise\u00f1ado en alta costura para fiesta, celebridades y eventos especiales. Fabricado \u00edntegramente de Polyester y Spandex.<\/p>\n","protected":false},"featured_media":1413,"comment_status":"open","ping_status":"closed","template":"","meta":[],"product_cat":[18],"product_tag":[],"class_list":{"0":"post-1398","1":"product","2":"type-product","3":"status-publish","4":"has-post-thumbnail","6":"product_cat-vestidos","7":"pa_talla-small","8":"pa_talla-medium","9":"pa_talla-large","11":"first","12":"instock","13":"taxable","14":"shipping-taxable","15":"purchasable","16":"product-type-variable"},"yoast_head":"<!-- This site is optimized with the Yoast SEO plugin v21.9.1 - https:\/\/yoast.com\/wordpress\/plugins\/seo\/ -->\n<title>Exclusivo Vestido Negro - Tienda Luzy<\/title>\n<meta name=\"robots\" content=\"index, follow, max-snippet:-1, max-image-preview:large, max-video-preview:-1\" \/>\n<link rel=\"canonical\" href=\"https:\/\/latam.tiendaluzy.biz\/index.php\/product\/exclusivo-vestido-negro-3\/\" \/>\n<meta property=\"og:locale\" content=\"es_ES\" \/>\n<meta property=\"og:type\" content=\"article\" \/>\n<meta property=\"og:title\" content=\"Exclusivo Vestido Negro - Tienda Luzy\" \/>\n<meta property=\"og:description\" content=\"Impresionante vestido negro con volantes, ce\u00f1ido al cuerpo, ajustado y elegante, sin hombros. Dise\u00f1ado en alta costura para fiesta, celebridades y eventos especiales. Fabricado \u00edntegramente de Polyester y Spandex.\" \/>\n<meta property=\"og:url\" content=\"https:\/\/latam.tiendaluzy.biz\/index.php\/product\/exclusivo-vestido-negro-3\/\" \/>\n<meta property=\"og:site_name\" content=\"Tienda Luzy\" \/>\n<meta property=\"article:publisher\" content=\"https:\/\/www.facebook.com\/tiendaluzy.latam\/\" \/>\n<meta property=\"article:modified_time\" content=\"2024-02-06T17:24:13+00:00\" \/>\n<meta property=\"og:image\" content=\"https:\/\/latam.tiendaluzy.biz\/wp-content\/uploads\/2024\/02\/VS00197.jpg\" \/>\n\t<meta property=\"og:image:width\" content=\"1200\" \/>\n\t<meta property=\"og:image:height\" content=\"1200\" \/>\n\t<meta property=\"og:image:type\" content=\"image\/jpeg\" \/>\n<meta name=\"twitter:card\" content=\"summary_large_image\" \/>\n<meta name=\"twitter:label1\" content=\"Tiempo de lectura\" \/>\n\t<meta name=\"twitter:data1\" content=\"1 minuto\" \/>\n<script type=\"application\/ld+json\" class=\"yoast-schema-graph\">{\"@context\":\"https:\/\/schema.org\",\"@graph\":[{\"@type\":\"WebPage\",\"@id\":\"https:\/\/latam.tiendaluzy.biz\/index.php\/product\/exclusivo-vestido-negro-3\/\",\"url\":\"https:\/\/latam.tiendaluzy.biz\/index.php\/product\/exclusivo-vestido-negro-3\/\",\"name\":\"Exclusivo Vestido Negro - Tienda Luzy\",\"isPartOf\":{\"@id\":\"https:\/\/latam.tiendaluzy.biz\/#website\"},\"datePublished\":\"2024-02-06T17:19:01+00:00\",\"dateModified\":\"2024-02-06T17:24:13+00:00\",\"breadcrumb\":{\"@id\":\"https:\/\/latam.tiendaluzy.biz\/index.php\/product\/exclusivo-vestido-negro-3\/#breadcrumb\"},\"inLanguage\":\"es\",\"potentialAction\":[{\"@type\":\"ReadAction\",\"target\":[\"https:\/\/latam.tiendaluzy.biz\/index.php\/product\/exclusivo-vestido-negro-3\/\"]}]},{\"@type\":\"BreadcrumbList\",\"@id\":\"https:\/\/latam.tiendaluzy.biz\/index.php\/product\/exclusivo-vestido-negro-3\/#breadcrumb\",\"itemListElement\":[{\"@type\":\"ListItem\",\"position\":1,\"name\":\"Portada\",\"item\":\"https:\/\/latam.tiendaluzy.biz\/\"},{\"@type\":\"ListItem\",\"position\":2,\"name\":\"Shop\",\"item\":\"https:\/\/latam.tiendaluzy.biz\/index.php\/shop\/\"},{\"@type\":\"ListItem\",\"position\":3,\"name\":\"Exclusivo Vestido Negro\"}]},{\"@type\":\"WebSite\",\"@id\":\"https:\/\/latam.tiendaluzy.biz\/#website\",\"url\":\"https:\/\/latam.tiendaluzy.biz\/\",\"name\":\"Tienda Luzy\",\"description\":\"Solo prendas de alta gama\",\"publisher\":{\"@id\":\"https:\/\/latam.tiendaluzy.biz\/#organization\"},\"alternateName\":\"Tienda de Ropa\",\"potentialAction\":[{\"@type\":\"SearchAction\",\"target\":{\"@type\":\"EntryPoint\",\"urlTemplate\":\"https:\/\/latam.tiendaluzy.biz\/?s={search_term_string}\"},\"query-input\":\"required name=search_term_string\"}],\"inLanguage\":\"es\"},{\"@type\":\"Organization\",\"@id\":\"https:\/\/latam.tiendaluzy.biz\/#organization\",\"name\":\"Tienda Luzy\",\"url\":\"https:\/\/latam.tiendaluzy.biz\/\",\"logo\":{\"@type\":\"ImageObject\",\"inLanguage\":\"es\",\"@id\":\"https:\/\/latam.tiendaluzy.biz\/#\/schema\/logo\/image\/\",\"url\":\"https:\/\/latam.tiendaluzy.biz\/wp-content\/uploads\/2024\/01\/419900722_1115635009745276_6897540178293049237_n.jpg\",\"contentUrl\":\"https:\/\/latam.tiendaluzy.biz\/wp-content\/uploads\/2024\/01\/419900722_1115635009745276_6897540178293049237_n.jpg\",\"width\":1335,\"height\":1335,\"caption\":\"Tienda Luzy\"},\"image\":{\"@id\":\"https:\/\/latam.tiendaluzy.biz\/#\/schema\/logo\/image\/\"},\"sameAs\":[\"https:\/\/www.facebook.com\/tiendaluzy.latam\/\",\"https:\/\/www.instagram.com\/latam.tienda.luzy\/\"]}]}<\/script>\n<!-- \/ Yoast SEO plugin. -->","yoast_head_json":{"title":"Exclusivo Vestido Negro - Tienda Luzy","robots":{"index":"index","follow":"follow","max-snippet":"max-snippet:-1","max-image-preview":"max-image-preview:large","max-video-preview":"max-video-preview:-1"},"canonical":"https:\/\/latam.tiendaluzy.biz\/index.php\/product\/exclusivo-vestido-negro-3\/","og_locale":"es_ES","og_type":"article","og_title":"Exclusivo Vestido Negro - Tienda Luzy","og_description":"Impresionante vestido negro con volantes, ce\u00f1ido al cuerpo, ajustado y elegante, sin hombros. Dise\u00f1ado en alta costura para fiesta, celebridades y eventos especiales. Fabricado \u00edntegramente de Polyester y Spandex.","og_url":"https:\/\/latam.tiendaluzy.biz\/index.php\/product\/exclusivo-vestido-negro-3\/","og_site_name":"Tienda Luzy","article_publisher":"https:\/\/www.facebook.com\/tiendaluzy.latam\/","article_modified_time":"2024-02-06T17:24:13+00:00","og_image":[{"width":1200,"height":1200,"url":"https:\/\/latam.tiendaluzy.biz\/wp-content\/uploads\/2024\/02\/VS00197.jpg","type":"image\/jpeg"}],"twitter_card":"summary_large_image","twitter_misc":{"Tiempo de lectura":"1 minuto"},"schema":{"@context":"https:\/\/schema.org","@graph":[{"@type":"WebPage","@id":"https:\/\/latam.tiendaluzy.biz\/index.php\/product\/exclusivo-vestido-negro-3\/","url":"https:\/\/latam.tiendaluzy.biz\/index.php\/product\/exclusivo-vestido-negro-3\/","name":"Exclusivo Vestido Negro - Tienda Luzy","isPartOf":{"@id":"https:\/\/latam.tiendaluzy.biz\/#website"},"datePublished":"2024-02-06T17:19:01+00:00","dateModified":"2024-02-06T17:24:13+00:00","breadcrumb":{"@id":"https:\/\/latam.tiendaluzy.biz\/index.php\/product\/exclusivo-vestido-negro-3\/#breadcrumb"},"inLanguage":"es","potentialAction":[{"@type":"ReadAction","target":["https:\/\/latam.tiendaluzy.biz\/index.php\/product\/exclusivo-vestido-negro-3\/"]}]},{"@type":"BreadcrumbList","@id":"https:\/\/latam.tiendaluzy.biz\/index.php\/product\/exclusivo-vestido-negro-3\/#breadcrumb","itemListElement":[{"@type":"ListItem","position":1,"name":"Portada","item":"https:\/\/latam.tiendaluzy.biz\/"},{"@type":"ListItem","position":2,"name":"Shop","item":"https:\/\/latam.tiendaluzy.biz\/index.php\/shop\/"},{"@type":"ListItem","position":3,"name":"Exclusivo Vestido Negro"}]},{"@type":"WebSite","@id":"https:\/\/latam.tiendaluzy.biz\/#website","url":"https:\/\/latam.tiendaluzy.biz\/","name":"Tienda Luzy","description":"Solo prendas de alta gama","publisher":{"@id":"https:\/\/latam.tiendaluzy.biz\/#organization"},"alternateName":"Tienda de Ropa","potentialAction":[{"@type":"SearchAction","target":{"@type":"EntryPoint","urlTemplate":"https:\/\/latam.tiendaluzy.biz\/?s={search_term_string}"},"query-input":"required name=search_term_string"}],"inLanguage":"es"},{"@type":"Organization","@id":"https:\/\/latam.tiendaluzy.biz\/#organization","name":"Tienda Luzy","url":"https:\/\/latam.tiendaluzy.biz\/","logo":{"@type":"ImageObject","inLanguage":"es","@id":"https:\/\/latam.tiendaluzy.biz\/#\/schema\/logo\/image\/","url":"https:\/\/latam.tiendaluzy.biz\/wp-content\/uploads\/2024\/01\/419900722_1115635009745276_6897540178293049237_n.jpg","contentUrl":"https:\/\/latam.tiendaluzy.biz\/wp-content\/uploads\/2024\/01\/419900722_1115635009745276_6897540178293049237_n.jpg","width":1335,"height":1335,"caption":"Tienda Luzy"},"image":{"@id":"https:\/\/latam.tiendaluzy.biz\/#\/schema\/logo\/image\/"},"sameAs":["https:\/\/www.facebook.com\/tiendaluzy.latam\/","https:\/\/www.instagram.com\/latam.tienda.luzy\/"]}]}},"_links":{"self":[{"href":"https:\/\/latam.tiendaluzy.biz\/index.php\/wp-json\/wp\/v2\/product\/1398","targetHints":{"allow":["GET"]}}],"collection":[{"href":"https:\/\/latam.tiendaluzy.biz\/index.php\/wp-json\/wp\/v2\/product"}],"about":[{"href":"https:\/\/latam.tiendaluzy.biz\/index.php\/wp-json\/wp\/v2\/types\/product"}],"replies":[{"embeddable":true,"href":"https:\/\/latam.tiendaluzy.biz\/index.php\/wp-json\/wp\/v2\/comments?post=1398"}],"wp:featuredmedia":[{"embeddable":true,"href":"https:\/\/latam.tiendaluzy.biz\/index.php\/wp-json\/wp\/v2\/media\/1413"}],"wp:attachment":[{"href":"https:\/\/latam.tiendaluzy.biz\/index.php\/wp-json\/wp\/v2\/media?parent=1398"}],"wp:term":[{"taxonomy":"product_cat","embeddable":true,"href":"https:\/\/latam.tiendaluzy.biz\/index.php\/wp-json\/wp\/v2\/product_cat?post=1398"},{"taxonomy":"product_tag","embeddable":true,"href":"https:\/\/latam.tiendaluzy.biz\/index.php\/wp-json\/wp\/v2\/product_tag?post=1398"}],"curies":[{"name":"wp","href":"https:\/\/api.w.org\/{rel}","templated":true}]}}