{"id":92,"date":"2024-01-15T11:37:22","date_gmt":"2024-01-15T16:37:22","guid":{"rendered":"https:\/\/new.tiendaluzy.biz\/?page_id=92"},"modified":"2024-01-15T11:37:22","modified_gmt":"2024-01-15T16:37:22","slug":"politica-de-privacidad","status":"publish","type":"page","link":"https:\/\/latam.tiendaluzy.biz\/index.php\/politica-de-privacidad\/","title":{"rendered":"Pol\u00edtica de Privacidad"},"content":{"rendered":"\n<p><strong>CLAVE SECRETA<\/strong><\/p>\n\n\n\n<p>Una vez registrado, el cliente deber\u00e1 ingresar su usuario y contrase\u00f1a de acceso para compras en TiendaLuzy.biz, la que deber\u00e1 ser de 6 d\u00edgitos alfa-num\u00e9rico y que ser\u00e1 solicitada antes de efectuar una transacci\u00f3n. Esta clave de acceso es personal e intransferible.<\/p>\n\n\n\n<p><strong>MAILING<\/strong><\/p>\n\n\n\n<p>Todos los precios de los productos recibidos por mailing y de remitente TiendaLuzy.biz tienen una vigencia de 24 horas desde recibido el mismo.<\/p>\n\n\n\n<p><strong>AUTORIZACI\u00d3N DE USO DE DATOS PERSONALES &#8211; WEB<\/strong><\/p>\n\n\n\n<p>Autorizo a TiendaLuzy.biz a tratar mis datos personales y compartirlos con las empresas del Grupo TiendaLuzy.biz y con aliados comerciales, incluso con proveedores, tanto en el pa\u00eds como el exterior, para: (i) Ofrecerme, por distintos medios, productos y\/o servicios, publicidad, incluso de terceros, promociones, descuentos, eventos especiales, . Estos datos estar\u00e1n en una base de datos de duraci\u00f3n indefinida. La revocaci\u00f3n de la autorizaci\u00f3n o el ejercicio de los otros derechos que la ley otorga, se podr\u00e1n ejercer en cualquier tienda a nivel nacional o a trav\u00e9s de cualquier otro medio que \u00e9ste indique.<\/p>\n","protected":false},"excerpt":{"rendered":"<p>CLAVE SECRETA Una vez registrado, el cliente deber\u00e1 ingresar su usuario y contrase\u00f1a de acceso para compras en TiendaLuzy.biz, la que deber\u00e1 ser de 6 d\u00edgitos alfa-num\u00e9rico y que ser\u00e1 solicitada antes de efectuar una transacci\u00f3n. Esta clave de acceso es personal e intransferible. MAILING Todos los precios de los productos recibidos por mailing y [&hellip;]<\/p>\n","protected":false},"author":1,"featured_media":0,"parent":0,"menu_order":0,"comment_status":"closed","ping_status":"closed","template":"","meta":{"footnotes":""},"class_list":["post-92","page","type-page","status-publish","hentry"],"yoast_head":"<!-- This site is optimized with the Yoast SEO plugin v21.9.1 - https:\/\/yoast.com\/wordpress\/plugins\/seo\/ -->\n<title>Pol\u00edtica de Privacidad - Tienda Luzy<\/title>\n<meta name=\"robots\" content=\"index, follow, max-snippet:-1, max-image-preview:large, max-video-preview:-1\" \/>\n<link rel=\"canonical\" href=\"https:\/\/latam.tiendaluzy.biz\/index.php\/politica-de-privacidad\/\" \/>\n<meta property=\"og:locale\" content=\"es_ES\" \/>\n<meta property=\"og:type\" content=\"article\" \/>\n<meta property=\"og:title\" content=\"Pol\u00edtica de Privacidad - Tienda Luzy\" \/>\n<meta property=\"og:description\" content=\"CLAVE SECRETA Una vez registrado, el cliente deber\u00e1 ingresar su usuario y contrase\u00f1a de acceso para compras en TiendaLuzy.biz, la que deber\u00e1 ser de 6 d\u00edgitos alfa-num\u00e9rico y que ser\u00e1 solicitada antes de efectuar una transacci\u00f3n. Esta clave de acceso es personal e intransferible. MAILING Todos los precios de los productos recibidos por mailing y [&hellip;]\" \/>\n<meta property=\"og:url\" content=\"https:\/\/latam.tiendaluzy.biz\/index.php\/politica-de-privacidad\/\" \/>\n<meta property=\"og:site_name\" content=\"Tienda Luzy\" \/>\n<meta property=\"article:publisher\" content=\"https:\/\/www.facebook.com\/tiendaluzy.latam\/\" \/>\n<meta property=\"og:image\" content=\"https:\/\/latam.tiendaluzy.biz\/wp-content\/uploads\/2024\/01\/419900722_1115635009745276_6897540178293049237_n.jpg\" \/>\n\t<meta property=\"og:image:width\" content=\"1335\" \/>\n\t<meta property=\"og:image:height\" content=\"1335\" \/>\n\t<meta property=\"og:image:type\" content=\"image\/jpeg\" \/>\n<meta name=\"twitter:card\" content=\"summary_large_image\" \/>\n<meta name=\"twitter:label1\" content=\"Tiempo de lectura\" \/>\n\t<meta name=\"twitter:data1\" content=\"1 minuto\" \/>\n<script type=\"application\/ld+json\" class=\"yoast-schema-graph\">{\"@context\":\"https:\/\/schema.org\",\"@graph\":[{\"@type\":\"WebPage\",\"@id\":\"https:\/\/latam.tiendaluzy.biz\/index.php\/politica-de-privacidad\/\",\"url\":\"https:\/\/latam.tiendaluzy.biz\/index.php\/politica-de-privacidad\/\",\"name\":\"Pol\u00edtica de Privacidad - Tienda Luzy\",\"isPartOf\":{\"@id\":\"https:\/\/latam.tiendaluzy.biz\/#website\"},\"datePublished\":\"2024-01-15T16:37:22+00:00\",\"dateModified\":\"2024-01-15T16:37:22+00:00\",\"breadcrumb\":{\"@id\":\"https:\/\/latam.tiendaluzy.biz\/index.php\/politica-de-privacidad\/#breadcrumb\"},\"inLanguage\":\"es\",\"potentialAction\":[{\"@type\":\"ReadAction\",\"target\":[\"https:\/\/latam.tiendaluzy.biz\/index.php\/politica-de-privacidad\/\"]}]},{\"@type\":\"BreadcrumbList\",\"@id\":\"https:\/\/latam.tiendaluzy.biz\/index.php\/politica-de-privacidad\/#breadcrumb\",\"itemListElement\":[{\"@type\":\"ListItem\",\"position\":1,\"name\":\"Portada\",\"item\":\"https:\/\/latam.tiendaluzy.biz\/\"},{\"@type\":\"ListItem\",\"position\":2,\"name\":\"Pol\u00edtica de Privacidad\"}]},{\"@type\":\"WebSite\",\"@id\":\"https:\/\/latam.tiendaluzy.biz\/#website\",\"url\":\"https:\/\/latam.tiendaluzy.biz\/\",\"name\":\"Tienda Luzy\",\"description\":\"Solo prendas de alta gama\",\"publisher\":{\"@id\":\"https:\/\/latam.tiendaluzy.biz\/#organization\"},\"alternateName\":\"Tienda de Ropa\",\"potentialAction\":[{\"@type\":\"SearchAction\",\"target\":{\"@type\":\"EntryPoint\",\"urlTemplate\":\"https:\/\/latam.tiendaluzy.biz\/?s={search_term_string}\"},\"query-input\":\"required name=search_term_string\"}],\"inLanguage\":\"es\"},{\"@type\":\"Organization\",\"@id\":\"https:\/\/latam.tiendaluzy.biz\/#organization\",\"name\":\"Tienda Luzy\",\"url\":\"https:\/\/latam.tiendaluzy.biz\/\",\"logo\":{\"@type\":\"ImageObject\",\"inLanguage\":\"es\",\"@id\":\"https:\/\/latam.tiendaluzy.biz\/#\/schema\/logo\/image\/\",\"url\":\"https:\/\/latam.tiendaluzy.biz\/wp-content\/uploads\/2024\/01\/419900722_1115635009745276_6897540178293049237_n.jpg\",\"contentUrl\":\"https:\/\/latam.tiendaluzy.biz\/wp-content\/uploads\/2024\/01\/419900722_1115635009745276_6897540178293049237_n.jpg\",\"width\":1335,\"height\":1335,\"caption\":\"Tienda Luzy\"},\"image\":{\"@id\":\"https:\/\/latam.tiendaluzy.biz\/#\/schema\/logo\/image\/\"},\"sameAs\":[\"https:\/\/www.facebook.com\/tiendaluzy.latam\/\",\"https:\/\/www.instagram.com\/latam.tienda.luzy\/\"]}]}<\/script>\n<!-- \/ Yoast SEO plugin. -->","yoast_head_json":{"title":"Pol\u00edtica de Privacidad - Tienda Luzy","robots":{"index":"index","follow":"follow","max-snippet":"max-snippet:-1","max-image-preview":"max-image-preview:large","max-video-preview":"max-video-preview:-1"},"canonical":"https:\/\/latam.tiendaluzy.biz\/index.php\/politica-de-privacidad\/","og_locale":"es_ES","og_type":"article","og_title":"Pol\u00edtica de Privacidad - Tienda Luzy","og_description":"CLAVE SECRETA Una vez registrado, el cliente deber\u00e1 ingresar su usuario y contrase\u00f1a de acceso para compras en TiendaLuzy.biz, la que deber\u00e1 ser de 6 d\u00edgitos alfa-num\u00e9rico y que ser\u00e1 solicitada antes de efectuar una transacci\u00f3n. Esta clave de acceso es personal e intransferible. MAILING Todos los precios de los productos recibidos por mailing y [&hellip;]","og_url":"https:\/\/latam.tiendaluzy.biz\/index.php\/politica-de-privacidad\/","og_site_name":"Tienda Luzy","article_publisher":"https:\/\/www.facebook.com\/tiendaluzy.latam\/","og_image":[{"width":1335,"height":1335,"url":"https:\/\/latam.tiendaluzy.biz\/wp-content\/uploads\/2024\/01\/419900722_1115635009745276_6897540178293049237_n.jpg","type":"image\/jpeg"}],"twitter_card":"summary_large_image","twitter_misc":{"Tiempo de lectura":"1 minuto"},"schema":{"@context":"https:\/\/schema.org","@graph":[{"@type":"WebPage","@id":"https:\/\/latam.tiendaluzy.biz\/index.php\/politica-de-privacidad\/","url":"https:\/\/latam.tiendaluzy.biz\/index.php\/politica-de-privacidad\/","name":"Pol\u00edtica de Privacidad - Tienda Luzy","isPartOf":{"@id":"https:\/\/latam.tiendaluzy.biz\/#website"},"datePublished":"2024-01-15T16:37:22+00:00","dateModified":"2024-01-15T16:37:22+00:00","breadcrumb":{"@id":"https:\/\/latam.tiendaluzy.biz\/index.php\/politica-de-privacidad\/#breadcrumb"},"inLanguage":"es","potentialAction":[{"@type":"ReadAction","target":["https:\/\/latam.tiendaluzy.biz\/index.php\/politica-de-privacidad\/"]}]},{"@type":"BreadcrumbList","@id":"https:\/\/latam.tiendaluzy.biz\/index.php\/politica-de-privacidad\/#breadcrumb","itemListElement":[{"@type":"ListItem","position":1,"name":"Portada","item":"https:\/\/latam.tiendaluzy.biz\/"},{"@type":"ListItem","position":2,"name":"Pol\u00edtica de Privacidad"}]},{"@type":"WebSite","@id":"https:\/\/latam.tiendaluzy.biz\/#website","url":"https:\/\/latam.tiendaluzy.biz\/","name":"Tienda Luzy","description":"Solo prendas de alta gama","publisher":{"@id":"https:\/\/latam.tiendaluzy.biz\/#organization"},"alternateName":"Tienda de Ropa","potentialAction":[{"@type":"SearchAction","target":{"@type":"EntryPoint","urlTemplate":"https:\/\/latam.tiendaluzy.biz\/?s={search_term_string}"},"query-input":"required name=search_term_string"}],"inLanguage":"es"},{"@type":"Organization","@id":"https:\/\/latam.tiendaluzy.biz\/#organization","name":"Tienda Luzy","url":"https:\/\/latam.tiendaluzy.biz\/","logo":{"@type":"ImageObject","inLanguage":"es","@id":"https:\/\/latam.tiendaluzy.biz\/#\/schema\/logo\/image\/","url":"https:\/\/latam.tiendaluzy.biz\/wp-content\/uploads\/2024\/01\/419900722_1115635009745276_6897540178293049237_n.jpg","contentUrl":"https:\/\/latam.tiendaluzy.biz\/wp-content\/uploads\/2024\/01\/419900722_1115635009745276_6897540178293049237_n.jpg","width":1335,"height":1335,"caption":"Tienda Luzy"},"image":{"@id":"https:\/\/latam.tiendaluzy.biz\/#\/schema\/logo\/image\/"},"sameAs":["https:\/\/www.facebook.com\/tiendaluzy.latam\/","https:\/\/www.instagram.com\/latam.tienda.luzy\/"]}]}},"_links":{"self":[{"href":"https:\/\/latam.tiendaluzy.biz\/index.php\/wp-json\/wp\/v2\/pages\/92","targetHints":{"allow":["GET"]}}],"collection":[{"href":"https:\/\/latam.tiendaluzy.biz\/index.php\/wp-json\/wp\/v2\/pages"}],"about":[{"href":"https:\/\/latam.tiendaluzy.biz\/index.php\/wp-json\/wp\/v2\/types\/page"}],"author":[{"embeddable":true,"href":"https:\/\/latam.tiendaluzy.biz\/index.php\/wp-json\/wp\/v2\/users\/1"}],"replies":[{"embeddable":true,"href":"https:\/\/latam.tiendaluzy.biz\/index.php\/wp-json\/wp\/v2\/comments?post=92"}],"version-history":[{"count":1,"href":"https:\/\/latam.tiendaluzy.biz\/index.php\/wp-json\/wp\/v2\/pages\/92\/revisions"}],"predecessor-version":[{"id":93,"href":"https:\/\/latam.tiendaluzy.biz\/index.php\/wp-json\/wp\/v2\/pages\/92\/revisions\/93"}],"wp:attachment":[{"href":"https:\/\/latam.tiendaluzy.biz\/index.php\/wp-json\/wp\/v2\/media?parent=92"}],"curies":[{"name":"wp","href":"https:\/\/api.w.org\/{rel}","templated":true}]}}