{"id":90,"date":"2024-01-15T11:35:36","date_gmt":"2024-01-15T16:35:36","guid":{"rendered":"https:\/\/new.tiendaluzy.biz\/?page_id=90"},"modified":"2024-01-15T11:35:36","modified_gmt":"2024-01-15T16:35:36","slug":"compra-con-confianza","status":"publish","type":"page","link":"https:\/\/latam.tiendaluzy.biz\/index.php\/compra-con-confianza\/","title":{"rendered":"Compra con Confianza"},"content":{"rendered":"\n<p><br>Tu compra en TiendaLuzy.biz es totalmente segura.<\/p>\n\n\n\n<p>\u00bfC\u00f3mo comprobar que la TiendaLuzy.biz es una tienda segura?<\/p>\n\n\n\n<p>Tus compras en TiendaLuzy.biz cuentan con un sistema de despacho seguro que garantiza el env\u00edo de tus productos en la fecha, hora y lugar indicados por ti al momento de la compra.<\/p>\n\n\n\n<p>Adem\u00e1s, con nuestro servicio de Seguimiento de env\u00edos, podr\u00e1s rastrear la ubicaci\u00f3n de nuestro cami\u00f3n de despacho en tiempo real y conocer el momento exacto de la entrega sin necesidad de estar registrado y ingresando el c\u00f3digo de seguimiento que te indicaremos a trav\u00e9s de olvacourier.com<\/p>\n","protected":false},"excerpt":{"rendered":"<p>Tu compra en TiendaLuzy.biz es totalmente segura. \u00bfC\u00f3mo comprobar que la TiendaLuzy.biz es una tienda segura? Tus compras en TiendaLuzy.biz cuentan con un sistema de despacho seguro que garantiza el env\u00edo de tus productos en la fecha, hora y lugar indicados por ti al momento de la compra. Adem\u00e1s, con nuestro servicio de Seguimiento de [&hellip;]<\/p>\n","protected":false},"author":1,"featured_media":0,"parent":0,"menu_order":0,"comment_status":"closed","ping_status":"closed","template":"","meta":{"footnotes":""},"class_list":["post-90","page","type-page","status-publish","hentry"],"yoast_head":"<!-- This site is optimized with the Yoast SEO plugin v21.9.1 - https:\/\/yoast.com\/wordpress\/plugins\/seo\/ -->\n<title>Compra con Confianza - Tienda Luzy<\/title>\n<meta name=\"robots\" content=\"index, follow, max-snippet:-1, max-image-preview:large, max-video-preview:-1\" \/>\n<link rel=\"canonical\" href=\"https:\/\/latam.tiendaluzy.biz\/index.php\/compra-con-confianza\/\" \/>\n<meta property=\"og:locale\" content=\"es_ES\" \/>\n<meta property=\"og:type\" content=\"article\" \/>\n<meta property=\"og:title\" content=\"Compra con Confianza - Tienda Luzy\" \/>\n<meta property=\"og:description\" content=\"Tu compra en TiendaLuzy.biz es totalmente segura. \u00bfC\u00f3mo comprobar que la TiendaLuzy.biz es una tienda segura? Tus compras en TiendaLuzy.biz cuentan con un sistema de despacho seguro que garantiza el env\u00edo de tus productos en la fecha, hora y lugar indicados por ti al momento de la compra. Adem\u00e1s, con nuestro servicio de Seguimiento de [&hellip;]\" \/>\n<meta property=\"og:url\" content=\"https:\/\/latam.tiendaluzy.biz\/index.php\/compra-con-confianza\/\" \/>\n<meta property=\"og:site_name\" content=\"Tienda Luzy\" \/>\n<meta property=\"article:publisher\" content=\"https:\/\/www.facebook.com\/tiendaluzy.latam\/\" \/>\n<meta property=\"og:image\" content=\"https:\/\/latam.tiendaluzy.biz\/wp-content\/uploads\/2024\/01\/419900722_1115635009745276_6897540178293049237_n.jpg\" \/>\n\t<meta property=\"og:image:width\" content=\"1335\" \/>\n\t<meta property=\"og:image:height\" content=\"1335\" \/>\n\t<meta property=\"og:image:type\" content=\"image\/jpeg\" \/>\n<meta name=\"twitter:card\" content=\"summary_large_image\" \/>\n<meta name=\"twitter:label1\" content=\"Tiempo de lectura\" \/>\n\t<meta name=\"twitter:data1\" content=\"1 minuto\" \/>\n<script type=\"application\/ld+json\" class=\"yoast-schema-graph\">{\"@context\":\"https:\/\/schema.org\",\"@graph\":[{\"@type\":\"WebPage\",\"@id\":\"https:\/\/latam.tiendaluzy.biz\/index.php\/compra-con-confianza\/\",\"url\":\"https:\/\/latam.tiendaluzy.biz\/index.php\/compra-con-confianza\/\",\"name\":\"Compra con Confianza - Tienda Luzy\",\"isPartOf\":{\"@id\":\"https:\/\/latam.tiendaluzy.biz\/#website\"},\"datePublished\":\"2024-01-15T16:35:36+00:00\",\"dateModified\":\"2024-01-15T16:35:36+00:00\",\"breadcrumb\":{\"@id\":\"https:\/\/latam.tiendaluzy.biz\/index.php\/compra-con-confianza\/#breadcrumb\"},\"inLanguage\":\"es\",\"potentialAction\":[{\"@type\":\"ReadAction\",\"target\":[\"https:\/\/latam.tiendaluzy.biz\/index.php\/compra-con-confianza\/\"]}]},{\"@type\":\"BreadcrumbList\",\"@id\":\"https:\/\/latam.tiendaluzy.biz\/index.php\/compra-con-confianza\/#breadcrumb\",\"itemListElement\":[{\"@type\":\"ListItem\",\"position\":1,\"name\":\"Portada\",\"item\":\"https:\/\/latam.tiendaluzy.biz\/\"},{\"@type\":\"ListItem\",\"position\":2,\"name\":\"Compra con Confianza\"}]},{\"@type\":\"WebSite\",\"@id\":\"https:\/\/latam.tiendaluzy.biz\/#website\",\"url\":\"https:\/\/latam.tiendaluzy.biz\/\",\"name\":\"Tienda Luzy\",\"description\":\"Solo prendas de alta gama\",\"publisher\":{\"@id\":\"https:\/\/latam.tiendaluzy.biz\/#organization\"},\"alternateName\":\"Tienda de Ropa\",\"potentialAction\":[{\"@type\":\"SearchAction\",\"target\":{\"@type\":\"EntryPoint\",\"urlTemplate\":\"https:\/\/latam.tiendaluzy.biz\/?s={search_term_string}\"},\"query-input\":\"required name=search_term_string\"}],\"inLanguage\":\"es\"},{\"@type\":\"Organization\",\"@id\":\"https:\/\/latam.tiendaluzy.biz\/#organization\",\"name\":\"Tienda Luzy\",\"url\":\"https:\/\/latam.tiendaluzy.biz\/\",\"logo\":{\"@type\":\"ImageObject\",\"inLanguage\":\"es\",\"@id\":\"https:\/\/latam.tiendaluzy.biz\/#\/schema\/logo\/image\/\",\"url\":\"https:\/\/latam.tiendaluzy.biz\/wp-content\/uploads\/2024\/01\/419900722_1115635009745276_6897540178293049237_n.jpg\",\"contentUrl\":\"https:\/\/latam.tiendaluzy.biz\/wp-content\/uploads\/2024\/01\/419900722_1115635009745276_6897540178293049237_n.jpg\",\"width\":1335,\"height\":1335,\"caption\":\"Tienda Luzy\"},\"image\":{\"@id\":\"https:\/\/latam.tiendaluzy.biz\/#\/schema\/logo\/image\/\"},\"sameAs\":[\"https:\/\/www.facebook.com\/tiendaluzy.latam\/\",\"https:\/\/www.instagram.com\/latam.tienda.luzy\/\"]}]}<\/script>\n<!-- \/ Yoast SEO plugin. -->","yoast_head_json":{"title":"Compra con Confianza - Tienda Luzy","robots":{"index":"index","follow":"follow","max-snippet":"max-snippet:-1","max-image-preview":"max-image-preview:large","max-video-preview":"max-video-preview:-1"},"canonical":"https:\/\/latam.tiendaluzy.biz\/index.php\/compra-con-confianza\/","og_locale":"es_ES","og_type":"article","og_title":"Compra con Confianza - Tienda Luzy","og_description":"Tu compra en TiendaLuzy.biz es totalmente segura. \u00bfC\u00f3mo comprobar que la TiendaLuzy.biz es una tienda segura? Tus compras en TiendaLuzy.biz cuentan con un sistema de despacho seguro que garantiza el env\u00edo de tus productos en la fecha, hora y lugar indicados por ti al momento de la compra. Adem\u00e1s, con nuestro servicio de Seguimiento de [&hellip;]","og_url":"https:\/\/latam.tiendaluzy.biz\/index.php\/compra-con-confianza\/","og_site_name":"Tienda Luzy","article_publisher":"https:\/\/www.facebook.com\/tiendaluzy.latam\/","og_image":[{"width":1335,"height":1335,"url":"https:\/\/latam.tiendaluzy.biz\/wp-content\/uploads\/2024\/01\/419900722_1115635009745276_6897540178293049237_n.jpg","type":"image\/jpeg"}],"twitter_card":"summary_large_image","twitter_misc":{"Tiempo de lectura":"1 minuto"},"schema":{"@context":"https:\/\/schema.org","@graph":[{"@type":"WebPage","@id":"https:\/\/latam.tiendaluzy.biz\/index.php\/compra-con-confianza\/","url":"https:\/\/latam.tiendaluzy.biz\/index.php\/compra-con-confianza\/","name":"Compra con Confianza - Tienda Luzy","isPartOf":{"@id":"https:\/\/latam.tiendaluzy.biz\/#website"},"datePublished":"2024-01-15T16:35:36+00:00","dateModified":"2024-01-15T16:35:36+00:00","breadcrumb":{"@id":"https:\/\/latam.tiendaluzy.biz\/index.php\/compra-con-confianza\/#breadcrumb"},"inLanguage":"es","potentialAction":[{"@type":"ReadAction","target":["https:\/\/latam.tiendaluzy.biz\/index.php\/compra-con-confianza\/"]}]},{"@type":"BreadcrumbList","@id":"https:\/\/latam.tiendaluzy.biz\/index.php\/compra-con-confianza\/#breadcrumb","itemListElement":[{"@type":"ListItem","position":1,"name":"Portada","item":"https:\/\/latam.tiendaluzy.biz\/"},{"@type":"ListItem","position":2,"name":"Compra con Confianza"}]},{"@type":"WebSite","@id":"https:\/\/latam.tiendaluzy.biz\/#website","url":"https:\/\/latam.tiendaluzy.biz\/","name":"Tienda Luzy","description":"Solo prendas de alta gama","publisher":{"@id":"https:\/\/latam.tiendaluzy.biz\/#organization"},"alternateName":"Tienda de Ropa","potentialAction":[{"@type":"SearchAction","target":{"@type":"EntryPoint","urlTemplate":"https:\/\/latam.tiendaluzy.biz\/?s={search_term_string}"},"query-input":"required name=search_term_string"}],"inLanguage":"es"},{"@type":"Organization","@id":"https:\/\/latam.tiendaluzy.biz\/#organization","name":"Tienda Luzy","url":"https:\/\/latam.tiendaluzy.biz\/","logo":{"@type":"ImageObject","inLanguage":"es","@id":"https:\/\/latam.tiendaluzy.biz\/#\/schema\/logo\/image\/","url":"https:\/\/latam.tiendaluzy.biz\/wp-content\/uploads\/2024\/01\/419900722_1115635009745276_6897540178293049237_n.jpg","contentUrl":"https:\/\/latam.tiendaluzy.biz\/wp-content\/uploads\/2024\/01\/419900722_1115635009745276_6897540178293049237_n.jpg","width":1335,"height":1335,"caption":"Tienda Luzy"},"image":{"@id":"https:\/\/latam.tiendaluzy.biz\/#\/schema\/logo\/image\/"},"sameAs":["https:\/\/www.facebook.com\/tiendaluzy.latam\/","https:\/\/www.instagram.com\/latam.tienda.luzy\/"]}]}},"_links":{"self":[{"href":"https:\/\/latam.tiendaluzy.biz\/index.php\/wp-json\/wp\/v2\/pages\/90","targetHints":{"allow":["GET"]}}],"collection":[{"href":"https:\/\/latam.tiendaluzy.biz\/index.php\/wp-json\/wp\/v2\/pages"}],"about":[{"href":"https:\/\/latam.tiendaluzy.biz\/index.php\/wp-json\/wp\/v2\/types\/page"}],"author":[{"embeddable":true,"href":"https:\/\/latam.tiendaluzy.biz\/index.php\/wp-json\/wp\/v2\/users\/1"}],"replies":[{"embeddable":true,"href":"https:\/\/latam.tiendaluzy.biz\/index.php\/wp-json\/wp\/v2\/comments?post=90"}],"version-history":[{"count":1,"href":"https:\/\/latam.tiendaluzy.biz\/index.php\/wp-json\/wp\/v2\/pages\/90\/revisions"}],"predecessor-version":[{"id":91,"href":"https:\/\/latam.tiendaluzy.biz\/index.php\/wp-json\/wp\/v2\/pages\/90\/revisions\/91"}],"wp:attachment":[{"href":"https:\/\/latam.tiendaluzy.biz\/index.php\/wp-json\/wp\/v2\/media?parent=90"}],"curies":[{"name":"wp","href":"https:\/\/api.w.org\/{rel}","templated":true}]}}